{"id":4767,"date":"2020-07-14T07:46:03","date_gmt":"2020-07-14T12:46:03","guid":{"rendered":"https:\/\/7oroof.com\/tfdemos\/eteon\/our-services-copy\/"},"modified":"2025-12-09T15:58:49","modified_gmt":"2025-12-09T20:58:49","slug":"servicios","status":"publish","type":"page","link":"https:\/\/curaduria2rionegro.com\/home\/servicios\/","title":{"rendered":"Servicios"},"content":{"rendered":"\t\t<div data-elementor-type=\"wp-page\" data-elementor-id=\"4767\" class=\"elementor elementor-4767\">\n\t\t\t\t\t\t\t        <section class=\"elementor-section elementor-top-section elementor-element elementor-element-05f4726 elementor-section-stretched elementor-section-boxed elementor-section-height-default elementor-section-height-default\" data-id=\"05f4726\" data-element_type=\"section\" data-settings=\"{&quot;stretch_section&quot;:&quot;section-stretched&quot;,&quot;background_background&quot;:&quot;classic&quot;}\">\n                            <div class=\"elementor-background-overlay\"><\/div>\n                \n                        <div class=\"elementor-container elementor-column-gap-extended \">\n                    <div class=\"elementor-column elementor-col-100 elementor-top-column elementor-element elementor-element-3c3ca26\" data-id=\"3c3ca26\" data-element_type=\"column\">\n            <div class=\"elementor-widget-wrap elementor-element-populated\">\n                        \t\t<div class=\"elementor-element elementor-element-20f572b elementor-widget elementor-widget-cms_heading\" data-id=\"20f572b\" data-element_type=\"widget\" data-widget_type=\"cms_heading.default\">\n\t\t\t\t<div class=\"elementor-widget-container\">\n\t\t\t<div class=\"cms-heading-wrapper cms-heading-layout1 wow fadeInDown\">\r\n    \r\n            <h3 class=\"custom-heading\">\r\n            <span                 >\r\n                LICENCIAS URBAN\u00cdSTICAS (Decreto 1077 de 2015)<\/span>\r\n        <\/h3>\r\n        \r\n            <div class=\"custom-heading-description\">Una licencia urban\u00edstica es un acto administrativo\nde autorizaci\u00f3n, de car\u00e1cter particular y concreto, mediante el cual le permite a su titular realizar\nobras de urbanizaci\u00f3n y parcelaci\u00f3n de predios,\nde construcci\u00f3n, ampliaci\u00f3n, modificaci\u00f3n, adecuaci\u00f3n, reforzamiento estructural, restauraci\u00f3n,\nreconstrucci\u00f3n, cerramiento y demolici\u00f3n de edificaciones, de intervenci\u00f3n y ocupaci\u00f3n del espacio\np\u00fablico, y llevar a cabo el loteo o subdivisi\u00f3n de\npredios. <\/div>\r\n    <\/div>\t\t<\/div>\n\t\t\t\t<\/div>\n\t\t            <\/div>\n        <\/div>\n                            <\/div>\n        <\/section>\n                <section class=\"elementor-section elementor-top-section elementor-element elementor-element-b0e5066 elementor-section-boxed elementor-section-height-default elementor-section-height-default\" data-id=\"b0e5066\" data-element_type=\"section\">\n            \n                        <div class=\"elementor-container elementor-column-gap-extended \">\n                    <div class=\"elementor-column elementor-col-33 elementor-top-column elementor-element elementor-element-4aaffbe\" data-id=\"4aaffbe\" data-element_type=\"column\">\n            <div class=\"elementor-widget-wrap elementor-element-populated\">\n                        \t\t<div class=\"elementor-element elementor-element-be18b48 elementor-widget elementor-widget-wp-widget-nav_menu\" data-id=\"be18b48\" data-element_type=\"widget\" data-widget_type=\"wp-widget-nav_menu.default\">\n\t\t\t\t<div class=\"elementor-widget-container\">\n\t\t\t<h5>Informaci\u00f3n de Contacto<\/h5>\t\t<\/div>\n\t\t\t\t<\/div>\n\t\t\t\t<div class=\"elementor-element elementor-element-1039c1c elementor-widget elementor-widget-cms_contact_info\" data-id=\"1039c1c\" data-element_type=\"widget\" data-widget_type=\"cms_contact_info.default\">\n\t\t\t\t<div class=\"elementor-widget-container\">\n\t\t\t    <div class=\"cms-contact-info5 \">\r\n        <div class=\"inner-box\">\r\n                            <div class=\"info-item\">\r\n                    <label class=\"entry-ttile\">Nuestra Ubicaci\u00f3n<\/label>\r\n                    <div class=\"entry-content\">Carrera 49 #50-40 Local 302<\/div>\r\n                    <div class=\"entry-content\">C.C. San Francisco, Rionegro - Antioquia<\/div>\r\n               <\/div>\r\n                            <div class=\"info-item\">\r\n                    <label class=\"entry-ttile\">Contacto<\/label>\r\n                    <div class=\"entry-content\">Email: atencionusuarios@curaduria2rionegro.com<\/div>\r\n                    <div class=\"entry-content\">Tels: (57) 304 560 05 56 - 604 322 17 46<\/div>\r\n               <\/div>\r\n                            <div class=\"info-item\">\r\n                    <label class=\"entry-ttile\">Horario de Atenci\u00f3n<\/label>\r\n                    <div class=\"entry-content\">Lunes a Jueves<\/div>\r\n                    <div class=\"entry-content\">8am - 12m  y  1pm - 5pm<\/div>\r\n               <\/div>\r\n                            <div class=\"info-item\">\r\n                    <label class=\"entry-ttile\"><\/label>\r\n                    <div class=\"entry-content\">Viernes<\/div>\r\n                    <div class=\"entry-content\">7:30am - 12m y 1pm - 4:30pm<\/div>\r\n               <\/div>\r\n                                        <div class=\"item--button\">\r\n                    <a class=\"btn btn-secondary\" href=\"https:\/\/web.whatsapp.com\/send\/?phone=+573045600556&amp;text=Hola,\" target=\"_blank\">\r\n                        Cont\u00e1ctanos                    <\/a>\r\n                <\/div>\r\n                    <\/div>\r\n    <\/div>\r\n\t\t<\/div>\n\t\t\t\t<\/div>\n\t\t            <\/div>\n        <\/div>\n                <div class=\"elementor-column elementor-col-66 elementor-top-column elementor-element elementor-element-0372a2b\" data-id=\"0372a2b\" data-element_type=\"column\">\n            <div class=\"elementor-widget-wrap elementor-element-populated\">\n                        \t\t<div class=\"elementor-element elementor-element-2d077d7 elementor-widget elementor-widget-heading\" data-id=\"2d077d7\" data-element_type=\"widget\" data-widget_type=\"heading.default\">\n\t\t\t\t<div class=\"elementor-widget-container\">\n\t\t\t<style>\/*! elementor - v3.7.8 - 02-10-2022 *\/\n.elementor-heading-title{padding:0;margin:0;line-height:1}.elementor-widget-heading .elementor-heading-title[class*=elementor-size-]>a{color:inherit;font-size:inherit;line-height:inherit}.elementor-widget-heading .elementor-heading-title.elementor-size-small{font-size:15px}.elementor-widget-heading .elementor-heading-title.elementor-size-medium{font-size:19px}.elementor-widget-heading .elementor-heading-title.elementor-size-large{font-size:29px}.elementor-widget-heading .elementor-heading-title.elementor-size-xl{font-size:39px}.elementor-widget-heading .elementor-heading-title.elementor-size-xxl{font-size:59px}<\/style><h2 class=\"elementor-heading-title elementor-size-default\">SERVICIOS<\/h2>\t\t<\/div>\n\t\t\t\t<\/div>\n\t\t        <section class=\"elementor-section elementor-inner-section elementor-element elementor-element-1669b14 elementor-section-boxed elementor-section-height-default elementor-section-height-default\" data-id=\"1669b14\" data-element_type=\"section\">\n            \n                        <div class=\"elementor-container elementor-column-gap-default \">\n                    <div class=\"elementor-column elementor-col-50 elementor-inner-column elementor-element elementor-element-accf040\" data-id=\"accf040\" data-element_type=\"column\">\n            <div class=\"elementor-widget-wrap elementor-element-populated\">\n                        \t\t<div class=\"elementor-element elementor-element-c4eba8f elementor-widget elementor-widget-cms_features\" data-id=\"c4eba8f\" data-element_type=\"widget\" data-widget_type=\"cms_features.default\">\n\t\t\t\t<div class=\"elementor-widget-container\">\n\t\t\t<div class=\"cms-feature-layout1 \">\r\n            <div class=\"cms-feature-icon\"><i class=\"fa fa-check\"><\/i><\/div>\r\n        <div class=\"cms-feature-meta\">\r\n            <h3 class=\"item--title\">\r\n                Licencia de Urbanizaci\u00f3n            <\/h3>\r\n            <div class=\"item--description\">Art\u00edculo 2.2.6.1.1.4. Es la autorizaci\u00f3n previa para ejecutar en uno o varios predios localizados en suelo urbano, la creaci\u00f3n de espacios p\u00fablicos y privados, as\u00ed como las v\u00edas p\u00fablicas y la ejecuci\u00f3n de obras de infraestructura de servicios p\u00fablicos domiciliarios...<\/div>\r\n        <\/div>\r\n    <\/div>\t\t<\/div>\n\t\t\t\t<\/div>\n\t\t\t\t<div class=\"elementor-element elementor-element-ad4deb8 elementor-widget elementor-widget-cms_button\" data-id=\"ad4deb8\" data-element_type=\"widget\" data-widget_type=\"cms_button.default\">\n\t\t\t\t<div class=\"elementor-widget-container\">\n\t\t\t    <div id=\"cms_button-ad4deb8\" class=\"cms-button-wrapper cms-button-layout1 \">\r\n        <a class=\"btn btn-primary hv-secondary\" href=\"#\">\r\n             \r\n                            <span class=\"btn-text\">\r\n                    Ampliar informaci\u00f3n                <\/span>\r\n                <span class=\"btn-icon icon-right\">\r\n                    <i class=\"fa fa-arrow-right\"><\/i>\r\n                <\/span>\r\n            \r\n                    <\/a>\r\n    <\/div>\r\n\t\t<\/div>\n\t\t\t\t<\/div>\n\t\t            <\/div>\n        <\/div>\n                <div class=\"elementor-column elementor-col-50 elementor-inner-column elementor-element elementor-element-1e301ae\" data-id=\"1e301ae\" data-element_type=\"column\">\n            <div class=\"elementor-widget-wrap elementor-element-populated\">\n                        \t\t<div class=\"elementor-element elementor-element-fe14029 elementor-widget elementor-widget-cms_features\" data-id=\"fe14029\" data-element_type=\"widget\" data-widget_type=\"cms_features.default\">\n\t\t\t\t<div class=\"elementor-widget-container\">\n\t\t\t<div class=\"cms-feature-layout1 \">\r\n            <div class=\"cms-feature-icon\"><i class=\"fa fa-check\"><\/i><\/div>\r\n        <div class=\"cms-feature-meta\">\r\n            <h3 class=\"item--title\">\r\n                Licencia de Subdivisi\u00f3n            <\/h3>\r\n            <div class=\"item--description\">Art\u00edculo 2.2.6.1.1.6. Es la autorizaci\u00f3n previa para ejecutar en uno o varios predios localizados en suelo rural y\nsuburbano, la creaci\u00f3n de espacios p\u00fablicos y privados, y la ejecuci\u00f3n de obras para v\u00edas p\u00fablicas que permitan destinar los predios resultantes a los usos permitidos por el Plan de\nOrdenamiento Territorial...<\/div>\r\n        <\/div>\r\n    <\/div>\t\t<\/div>\n\t\t\t\t<\/div>\n\t\t\t\t<div class=\"elementor-element elementor-element-7fc6f93 elementor-widget elementor-widget-cms_button\" data-id=\"7fc6f93\" data-element_type=\"widget\" data-widget_type=\"cms_button.default\">\n\t\t\t\t<div class=\"elementor-widget-container\">\n\t\t\t    <div id=\"cms_button-7fc6f93\" class=\"cms-button-wrapper cms-button-layout1 \">\r\n        <a class=\"btn btn-primary hv-secondary\" href=\"#\">\r\n             \r\n                            <span class=\"btn-text\">\r\n                    Ampliar informaci\u00f3n                <\/span>\r\n                <span class=\"btn-icon icon-right\">\r\n                    <i class=\"fa fa-arrow-right\"><\/i>\r\n                <\/span>\r\n            \r\n                    <\/a>\r\n    <\/div>\r\n\t\t<\/div>\n\t\t\t\t<\/div>\n\t\t            <\/div>\n        <\/div>\n                            <\/div>\n        <\/section>\n                <section class=\"elementor-section elementor-inner-section elementor-element elementor-element-2358501 elementor-section-boxed elementor-section-height-default elementor-section-height-default\" data-id=\"2358501\" data-element_type=\"section\">\n            \n                        <div class=\"elementor-container elementor-column-gap-default \">\n                    <div class=\"elementor-column elementor-col-50 elementor-inner-column elementor-element elementor-element-aaeacf8\" data-id=\"aaeacf8\" data-element_type=\"column\">\n            <div class=\"elementor-widget-wrap elementor-element-populated\">\n                        \t\t<div class=\"elementor-element elementor-element-2fb6d94 elementor-widget elementor-widget-cms_features\" data-id=\"2fb6d94\" data-element_type=\"widget\" data-widget_type=\"cms_features.default\">\n\t\t\t\t<div class=\"elementor-widget-container\">\n\t\t\t<div class=\"cms-feature-layout1 \">\r\n            <div class=\"cms-feature-icon\"><i class=\"fa fa-check\"><\/i><\/div>\r\n        <div class=\"cms-feature-meta\">\r\n            <h3 class=\"item--title\">\r\n                Licencia de Construcci\u00f3n            <\/h3>\r\n            <div class=\"item--description\">Art\u00edculo 2.2.6.1.1.7. Es la autorizaci\u00f3n previa para desarrollar edificaciones, \u00e1reas de circulaci\u00f3n y zonas comunales en uno o varios predios, de conformidad con lo previsto en el Plan de Ordenamiento Territorial...<\/div>\r\n        <\/div>\r\n    <\/div>\t\t<\/div>\n\t\t\t\t<\/div>\n\t\t\t\t<div class=\"elementor-element elementor-element-bb21e67 elementor-widget elementor-widget-cms_button\" data-id=\"bb21e67\" data-element_type=\"widget\" data-widget_type=\"cms_button.default\">\n\t\t\t\t<div class=\"elementor-widget-container\">\n\t\t\t    <div id=\"cms_button-bb21e67\" class=\"cms-button-wrapper cms-button-layout1 \">\r\n        <a class=\"btn btn-primary hv-secondary\" href=\"#\">\r\n             \r\n                            <span class=\"btn-text\">\r\n                    Ampliar informaci\u00f3n                <\/span>\r\n                <span class=\"btn-icon icon-right\">\r\n                    <i class=\"fa fa-arrow-right\"><\/i>\r\n                <\/span>\r\n            \r\n                    <\/a>\r\n    <\/div>\r\n\t\t<\/div>\n\t\t\t\t<\/div>\n\t\t            <\/div>\n        <\/div>\n                <div class=\"elementor-column elementor-col-50 elementor-inner-column elementor-element elementor-element-f2be6cc\" data-id=\"f2be6cc\" data-element_type=\"column\">\n            <div class=\"elementor-widget-wrap elementor-element-populated\">\n                        \t\t<div class=\"elementor-element elementor-element-1afd18a elementor-widget elementor-widget-cms_features\" data-id=\"1afd18a\" data-element_type=\"widget\" data-widget_type=\"cms_features.default\">\n\t\t\t\t<div class=\"elementor-widget-container\">\n\t\t\t<div class=\"cms-feature-layout1 \">\r\n            <div class=\"cms-feature-icon\"><i class=\"fa fa-check\"><\/i><\/div>\r\n        <div class=\"cms-feature-meta\">\r\n            <h3 class=\"item--title\">\r\n                Reconocimiento de una Edificaci\u00f3n            <\/h3>\r\n            <div class=\"item--description\">Art\u00edculo 2.2.6.4.1.1. El reconocimiento de edificaciones por parte del curador urbano o la autoridad municipal o distrital competente para expedir licencias de construcci\u00f3n, proceder\u00e1 respecto de desarrollos arquitect\u00f3nicos que se ejecutaron sin obtener la respectiva licencia...<\/div>\r\n        <\/div>\r\n    <\/div>\t\t<\/div>\n\t\t\t\t<\/div>\n\t\t\t\t<div class=\"elementor-element elementor-element-4f9f1f4 elementor-widget elementor-widget-cms_button\" data-id=\"4f9f1f4\" data-element_type=\"widget\" data-widget_type=\"cms_button.default\">\n\t\t\t\t<div class=\"elementor-widget-container\">\n\t\t\t    <div id=\"cms_button-4f9f1f4\" class=\"cms-button-wrapper cms-button-layout1 \">\r\n        <a class=\"btn btn-primary hv-secondary\" href=\"#\">\r\n             \r\n                            <span class=\"btn-text\">\r\n                    Ampliar informaci\u00f3n                <\/span>\r\n                <span class=\"btn-icon icon-right\">\r\n                    <i class=\"fa fa-arrow-right\"><\/i>\r\n                <\/span>\r\n            \r\n                    <\/a>\r\n    <\/div>\r\n\t\t<\/div>\n\t\t\t\t<\/div>\n\t\t            <\/div>\n        <\/div>\n                            <\/div>\n        <\/section>\n                    <\/div>\n        <\/div>\n                            <\/div>\n        <\/section>\n        \t\t\t\t\t<\/div>\n\t\t","protected":false},"excerpt":{"rendered":"<p>LICENCIAS URBAN\u00cdSTICAS (Decreto 1077 de 2015) Una licencia urban\u00edstica es un acto administrativo de autorizaci\u00f3n, de car\u00e1cter particular y concreto, mediante el cual le permite a su titular realizar obras de urbanizaci\u00f3n y parcelaci\u00f3n de predios, de construcci\u00f3n, ampliaci\u00f3n, modificaci\u00f3n, adecuaci\u00f3n, reforzamiento estructural, restauraci\u00f3n, reconstrucci\u00f3n, cerramiento y demolici\u00f3n de edificaciones, de intervenci\u00f3n y ocupaci\u00f3n del [&hellip;]<\/p>\n","protected":false},"author":1,"featured_media":0,"parent":0,"menu_order":0,"comment_status":"closed","ping_status":"closed","template":"","meta":{"footnotes":""},"class_list":["post-4767","page","type-page","status-publish","hentry"],"_links":{"self":[{"href":"https:\/\/curaduria2rionegro.com\/home\/wp-json\/wp\/v2\/pages\/4767","targetHints":{"allow":["GET"]}}],"collection":[{"href":"https:\/\/curaduria2rionegro.com\/home\/wp-json\/wp\/v2\/pages"}],"about":[{"href":"https:\/\/curaduria2rionegro.com\/home\/wp-json\/wp\/v2\/types\/page"}],"author":[{"embeddable":true,"href":"https:\/\/curaduria2rionegro.com\/home\/wp-json\/wp\/v2\/users\/1"}],"replies":[{"embeddable":true,"href":"https:\/\/curaduria2rionegro.com\/home\/wp-json\/wp\/v2\/comments?post=4767"}],"version-history":[{"count":61,"href":"https:\/\/curaduria2rionegro.com\/home\/wp-json\/wp\/v2\/pages\/4767\/revisions"}],"predecessor-version":[{"id":7153,"href":"https:\/\/curaduria2rionegro.com\/home\/wp-json\/wp\/v2\/pages\/4767\/revisions\/7153"}],"wp:attachment":[{"href":"https:\/\/curaduria2rionegro.com\/home\/wp-json\/wp\/v2\/media?parent=4767"}],"curies":[{"name":"wp","href":"https:\/\/api.w.org\/{rel}","templated":true}]}}