{"id":4740,"date":"2020-07-14T07:32:03","date_gmt":"2020-07-14T07:32:03","guid":{"rendered":"https:\/\/7oroof.com\/tfdemos\/eteon\/company-careers-copy\/"},"modified":"2025-12-10T06:07:34","modified_gmt":"2025-12-10T11:07:34","slug":"radicacion","status":"publish","type":"page","link":"https:\/\/curaduria2rionegro.com\/home\/radicacion\/","title":{"rendered":"Radicaci\u00f3n"},"content":{"rendered":"\t\t<div data-elementor-type=\"wp-page\" data-elementor-id=\"4740\" class=\"elementor elementor-4740\">\n\t\t\t\t\t\t\t        <section class=\"elementor-section elementor-top-section elementor-element elementor-element-7b428a4 elementor-section-boxed elementor-section-height-default elementor-section-height-default\" data-id=\"7b428a4\" data-element_type=\"section\">\n            \n                        <div class=\"elementor-container elementor-column-gap-default \">\n                    <div class=\"elementor-column elementor-col-100 elementor-top-column elementor-element elementor-element-d603918\" data-id=\"d603918\" data-element_type=\"column\">\n            <div class=\"elementor-widget-wrap elementor-element-populated\">\n                        \t\t<div class=\"elementor-element elementor-element-ffb60ea elementor-widget elementor-widget-cms_heading\" data-id=\"ffb60ea\" data-element_type=\"widget\" data-widget_type=\"cms_heading.default\">\n\t\t\t\t<div class=\"elementor-widget-container\">\n\t\t\t<div class=\"cms-heading-wrapper cms-heading-layout1 \">\r\n    \r\n            <h3 class=\"custom-heading\">\r\n            <span                 >\r\n                Solicitudes de Licencias Urban\u00edsticas y Reconocimientos<\/span>\r\n        <\/h3>\r\n        \r\n            <div class=\"custom-heading-description\">Para Nosotros es muy importante brindarle una asesor\u00eda previa a la radicaci\u00f3n de su solicitud de manera presencial o por alguno de nuestros canales virtuales.\n\nPara radicar una nueva solicitud de licencia, concepto, norma o cualquier servicio de la curadur\u00eda, hemos habilitado el correo electr\u00f3nico atencionusuarios@curaduria2rionegro.com.<\/div>\r\n    <\/div>\t\t<\/div>\n\t\t\t\t<\/div>\n\t\t            <\/div>\n        <\/div>\n                            <\/div>\n        <\/section>\n                <section class=\"elementor-section elementor-top-section elementor-element elementor-element-dd45788 elementor-section-boxed elementor-section-height-default elementor-section-height-default\" data-id=\"dd45788\" data-element_type=\"section\">\n            \n                        <div class=\"elementor-container elementor-column-gap-default \">\n                    <div class=\"elementor-column elementor-col-33 elementor-top-column elementor-element elementor-element-269dfae\" data-id=\"269dfae\" data-element_type=\"column\">\n            <div class=\"elementor-widget-wrap elementor-element-populated\">\n                        \t\t<div class=\"elementor-element elementor-element-ef45fdb elementor-view-framed elementor-shape-circle elementor-widget elementor-widget-icon\" data-id=\"ef45fdb\" data-element_type=\"widget\" data-widget_type=\"icon.default\">\n\t\t\t\t<div class=\"elementor-widget-container\">\n\t\t\t\t\t<div class=\"elementor-icon-wrapper\">\n\t\t\t<a class=\"elementor-icon\" href=\"https:\/\/wa.me\/573045600556?text=\ud83d\udc4b\u00a1Hola!%20Bienvenido%20a%20La%20Curadur\u00eda%20Urbana%202%20de%20Rionegro.%20Si%20necesita%20ayuda,%20siempre%20estoy%20aqu\u00ed.\" target=\"_blank\">\n\t\t\t<i aria-hidden=\"true\" class=\"fab fa-whatsapp\"><\/i>\t\t\t<\/a>\n\t\t<\/div>\n\t\t\t\t<\/div>\n\t\t\t\t<\/div>\n\t\t\t\t<div class=\"elementor-element elementor-element-3615732 elementor-widget elementor-widget-heading\" data-id=\"3615732\" data-element_type=\"widget\" data-widget_type=\"heading.default\">\n\t\t\t\t<div class=\"elementor-widget-container\">\n\t\t\t<style>\/*! elementor - v3.7.8 - 02-10-2022 *\/\n.elementor-heading-title{padding:0;margin:0;line-height:1}.elementor-widget-heading .elementor-heading-title[class*=elementor-size-]>a{color:inherit;font-size:inherit;line-height:inherit}.elementor-widget-heading .elementor-heading-title.elementor-size-small{font-size:15px}.elementor-widget-heading .elementor-heading-title.elementor-size-medium{font-size:19px}.elementor-widget-heading .elementor-heading-title.elementor-size-large{font-size:29px}.elementor-widget-heading .elementor-heading-title.elementor-size-xl{font-size:39px}.elementor-widget-heading .elementor-heading-title.elementor-size-xxl{font-size:59px}<\/style><h2 class=\"elementor-heading-title elementor-size-default\">WhatsApp<\/h2>\t\t<\/div>\n\t\t\t\t<\/div>\n\t\t            <\/div>\n        <\/div>\n                <div class=\"elementor-column elementor-col-33 elementor-top-column elementor-element elementor-element-c870c5e\" data-id=\"c870c5e\" data-element_type=\"column\">\n            <div class=\"elementor-widget-wrap elementor-element-populated\">\n                        \t\t<div class=\"elementor-element elementor-element-43e3c89 elementor-view-framed elementor-shape-square elementor-widget elementor-widget-icon\" data-id=\"43e3c89\" data-element_type=\"widget\" data-widget_type=\"icon.default\">\n\t\t\t\t<div class=\"elementor-widget-container\">\n\t\t\t\t\t<div class=\"elementor-icon-wrapper\">\n\t\t\t<a class=\"elementor-icon\" href=\"https:\/\/curaduria2rionegro.com\/home\/servicios\/\" target=\"_blank\" https=\"\">\n\t\t\t<i aria-hidden=\"true\" class=\"fas fa-file-export\"><\/i>\t\t\t<\/a>\n\t\t<\/div>\n\t\t\t\t<\/div>\n\t\t\t\t<\/div>\n\t\t\t\t<div class=\"elementor-element elementor-element-20515ce elementor-widget elementor-widget-heading\" data-id=\"20515ce\" data-element_type=\"widget\" data-widget_type=\"heading.default\">\n\t\t\t\t<div class=\"elementor-widget-container\">\n\t\t\t<h2 class=\"elementor-heading-title elementor-size-default\">Servicios<\/h2>\t\t<\/div>\n\t\t\t\t<\/div>\n\t\t            <\/div>\n        <\/div>\n                <div class=\"elementor-column elementor-col-33 elementor-top-column elementor-element elementor-element-4b443bd\" data-id=\"4b443bd\" data-element_type=\"column\">\n            <div class=\"elementor-widget-wrap elementor-element-populated\">\n                        \t\t<div class=\"elementor-element elementor-element-2f83c6a elementor-view-framed elementor-shape-circle elementor-widget elementor-widget-icon\" data-id=\"2f83c6a\" data-element_type=\"widget\" data-widget_type=\"icon.default\">\n\t\t\t\t<div class=\"elementor-widget-container\">\n\t\t\t\t\t<div class=\"elementor-icon-wrapper\">\n\t\t\t<a class=\"elementor-icon\" href=\"https:\/\/www.curaduria2rionegro.com\/descargas\/FUN.pdf\" target=\"_blank\">\n\t\t\t<i aria-hidden=\"true\" class=\"far fa-file-pdf\"><\/i>\t\t\t<\/a>\n\t\t<\/div>\n\t\t\t\t<\/div>\n\t\t\t\t<\/div>\n\t\t\t\t<div class=\"elementor-element elementor-element-4d052da elementor-widget elementor-widget-heading\" data-id=\"4d052da\" data-element_type=\"widget\" data-widget_type=\"heading.default\">\n\t\t\t\t<div class=\"elementor-widget-container\">\n\t\t\t<h2 class=\"elementor-heading-title elementor-size-default\">FUN<\/h2>\t\t<\/div>\n\t\t\t\t<\/div>\n\t\t            <\/div>\n        <\/div>\n                            <\/div>\n        <\/section>\n                <section class=\"elementor-section elementor-top-section elementor-element elementor-element-92a06c1 elementor-section-boxed elementor-section-height-default elementor-section-height-default\" data-id=\"92a06c1\" data-element_type=\"section\">\n            \n                        <div class=\"elementor-container elementor-column-gap-default \">\n                    <div class=\"elementor-column elementor-col-100 elementor-top-column elementor-element elementor-element-3eee422\" data-id=\"3eee422\" data-element_type=\"column\">\n            <div class=\"elementor-widget-wrap elementor-element-populated\">\n                        \t\t<div class=\"elementor-element elementor-element-9a699f5 elementor-widget elementor-widget-cms_career\" data-id=\"9a699f5\" data-element_type=\"widget\" data-widget_type=\"cms_career.default\">\n\t\t\t\t<div class=\"elementor-widget-container\">\n\t\t\t    <div class=\"cms-career-layout1\">\r\n                    <div class=\"cms-career-item wow fadeInUp\">\r\n                <div class=\"item--inner\">\r\n         \t\t\t<div class=\"item-holder\">\r\n\t    \t\t        <div class=\"item--meta\">\r\n\t    \t\t        \t<div class=\"item-time\"><\/div>\r\n\t    \t\t        \t<div class=\"item-address\"><\/div>\r\n\t    \t\t        <\/div>\r\n\t    \t\t       \t<h3 class=\"item--title\">\t\r\n\t                \t\tPaso a paso para nueva solicitud\t    \t\t        <\/h3>\r\n\t    \t\t    <\/div>\r\n\t    \t\t    <div class=\"item-desc\">\r\n\t    \t\t    \t\t    \t\t    <\/div>\r\n    \t\t                       <\/div>\r\n            <\/div>\r\n                    <div class=\"cms-career-item wow fadeInUp\">\r\n                <div class=\"item--inner\">\r\n         \t\t\t<div class=\"item-holder\">\r\n\t    \t\t        <div class=\"item--meta\">\r\n\t    \t\t        \t<div class=\"item-time\">Solicitudes<\/div>\r\n\t    \t\t        \t<div class=\"item-address\"><\/div>\r\n\t    \t\t        <\/div>\r\n\t    \t\t       \t<h3 class=\"item--title\">\t\r\n\t                \t\tPrimer Paso\t    \t\t        <\/h3>\r\n\t    \t\t    <\/div>\r\n\t    \t\t    <div class=\"item-desc\">\r\n\t    \t\t    \tEscanear los documentos en PDF y Adjuntarlos al correo, tenga en cuenta enviarnos el correo electr\u00f3nico del propietario o apoderado con su respectivo poder\t    \t\t    <\/div>\r\n    \t\t                       <\/div>\r\n            <\/div>\r\n                    <div class=\"cms-career-item wow fadeInUp\">\r\n                <div class=\"item--inner\">\r\n         \t\t\t<div class=\"item-holder\">\r\n\t    \t\t        <div class=\"item--meta\">\r\n\t    \t\t        \t<div class=\"item-time\">Solicitudes<\/div>\r\n\t    \t\t        \t<div class=\"item-address\"><\/div>\r\n\t    \t\t        <\/div>\r\n\t    \t\t       \t<h3 class=\"item--title\">\t\r\n\t                \t\tSegundo Paso\t    \t\t        <\/h3>\r\n\t    \t\t    <\/div>\r\n\t    \t\t    <div class=\"item-desc\">\r\n\t    \t\t    \tRevisaremos su solicitud y enviaremos el valor de su cargo fijo.\t    \t\t    <\/div>\r\n    \t\t                       <\/div>\r\n            <\/div>\r\n                    <div class=\"cms-career-item wow fadeInUp\">\r\n                <div class=\"item--inner\">\r\n         \t\t\t<div class=\"item-holder\">\r\n\t    \t\t        <div class=\"item--meta\">\r\n\t    \t\t        \t<div class=\"item-time\">Solicitudes<\/div>\r\n\t    \t\t        \t<div class=\"item-address\"><\/div>\r\n\t    \t\t        <\/div>\r\n\t    \t\t       \t<h3 class=\"item--title\">\t\r\n\t                \t\tTercer Paso\t    \t\t        <\/h3>\r\n\t    \t\t    <\/div>\r\n\t    \t\t    <div class=\"item-desc\">\r\n\t    \t\t    \tTransferir el valor a la cuenta de ahorros Bancolombia 024-000047-65 a nombre de Gloria Mar\u00eda Gonz\u00e1lez Zapata cedula 43.746.388 y env\u00edenos el comprobante de pago\t    \t\t    <\/div>\r\n    \t\t                       <\/div>\r\n            <\/div>\r\n                    <div class=\"cms-career-item wow fadeInUp\">\r\n                <div class=\"item--inner\">\r\n         \t\t\t<div class=\"item-holder\">\r\n\t    \t\t        <div class=\"item--meta\">\r\n\t    \t\t        \t<div class=\"item-time\">Solicitudes<\/div>\r\n\t    \t\t        \t<div class=\"item-address\"><\/div>\r\n\t    \t\t        <\/div>\r\n\t    \t\t       \t<h3 class=\"item--title\">\t\r\n\t                \t\tCuarto Paso\t    \t\t        <\/h3>\r\n\t    \t\t    <\/div>\r\n\t    \t\t    <div class=\"item-desc\">\r\n\t    \t\t    \tPosterior a recibir el pago, enviaremos su ficho de radicado, factura, nombre y contacto del arquitecto que lo atender\u00e1.\t    \t\t    <\/div>\r\n    \t\t                       <\/div>\r\n            <\/div>\r\n            <\/div>\r\n\t\t<\/div>\n\t\t\t\t<\/div>\n\t\t            <\/div>\n        <\/div>\n                            <\/div>\n        <\/section>\n                <section class=\"elementor-section elementor-top-section elementor-element elementor-element-91acf11 elementor-section-boxed elementor-section-height-default elementor-section-height-default\" data-id=\"91acf11\" data-element_type=\"section\">\n            \n                        <div class=\"elementor-container elementor-column-gap-default \">\n                    <div class=\"elementor-column elementor-col-100 elementor-top-column elementor-element elementor-element-57928d9\" data-id=\"57928d9\" data-element_type=\"column\">\n            <div class=\"elementor-widget-wrap elementor-element-populated\">\n                        \t\t<div class=\"elementor-element elementor-element-638d41a elementor-widget elementor-widget-cms_heading\" data-id=\"638d41a\" data-element_type=\"widget\" data-widget_type=\"cms_heading.default\">\n\t\t\t\t<div class=\"elementor-widget-container\">\n\t\t\t<div class=\"cms-heading-wrapper cms-heading-layout1 \">\r\n    \r\n            <h3 class=\"custom-heading\">\r\n            <span                 >\r\n                Adjuntar Documentos<\/span>\r\n        <\/h3>\r\n        \r\n    <\/div>\t\t<\/div>\n\t\t\t\t<\/div>\n\t\t\t\t<div class=\"elementor-element elementor-element-b48d52e elementor-widget elementor-widget-cms_ctf7\" data-id=\"b48d52e\" data-element_type=\"widget\" data-widget_type=\"cms_ctf7.default\">\n\t\t\t\t<div class=\"elementor-widget-container\">\n\t\t\t    <div id=\"cms_ctf7-b48d52e\" class=\"cms-contact-form-layout1 style1\">\r\n        <div class=\"cms-contact-form-inner \">\r\n            <div class=\"row\">\r\n                <div class=\"col-xl-5 col-lg-5 col-md-6 col-xs-12 col-ct-left\">\r\n                    <div class=\"col-inner-box\"  style=\"background-image: url(https:\/\/curaduria2rionegro.com\/home\/wp-content\/uploads\/2022\/02\/20220128_172955_2-scaled.jpg);\" >\r\n                                            <\/div>\r\n                <\/div>\r\n                <div class=\"col-xl-7 col-lg-7 col-md-6 col-xs-12 col-ct-right\">\r\n                    <div class=\"col-inner-box\">\r\n                                                \n<div class=\"wpcf7 no-js\" id=\"wpcf7-f5984-o1\" lang=\"en-US\" dir=\"ltr\">\n<div class=\"screen-reader-response\"><p role=\"status\" aria-live=\"polite\" aria-atomic=\"true\"><\/p> <ul><\/ul><\/div>\n<form action=\"\/home\/wp-json\/wp\/v2\/pages\/4740#wpcf7-f5984-o1\" method=\"post\" class=\"wpcf7-form init\" aria-label=\"Contact form\" enctype=\"multipart\/form-data\" novalidate=\"novalidate\" data-status=\"init\">\n<div style=\"display: none;\">\n<input type=\"hidden\" name=\"_wpcf7\" value=\"5984\" \/>\n<input type=\"hidden\" name=\"_wpcf7_version\" value=\"5.8.5\" \/>\n<input type=\"hidden\" name=\"_wpcf7_locale\" value=\"en_US\" \/>\n<input type=\"hidden\" name=\"_wpcf7_unit_tag\" value=\"wpcf7-f5984-o1\" \/>\n<input type=\"hidden\" name=\"_wpcf7_container_post\" value=\"0\" \/>\n<input type=\"hidden\" name=\"_wpcf7_posted_data_hash\" value=\"\" \/>\n<\/div>\n<div class=\"row\">\n\t<div class=\"col-xs-12 col-sm-12 col-md-6 col-lg-6\">\n\t\t<div class=\"input-filled\">\n\t\t\t<p><span class=\"wpcf7-form-control-wrap\" data-name=\"your-name\"><input size=\"40\" class=\"wpcf7-form-control wpcf7-text wpcf7-validates-as-required\" aria-required=\"true\" aria-invalid=\"false\" placeholder=\"*Nombre Completo (requerido)\" value=\"\" type=\"text\" name=\"your-name\" \/><\/span>\n\t\t\t<\/p>\n\t\t<\/div>\n\t<\/div>\n\t<div class=\"col-xs-12 col-sm-12 col-md-6 col-lg-6\">\n\t\t<div class=\"input-filled\">\n\t\t\t<p><span class=\"wpcf7-form-control-wrap\" data-name=\"your-documento\"><input size=\"40\" class=\"wpcf7-form-control wpcf7-text wpcf7-validates-as-required\" aria-required=\"true\" aria-invalid=\"false\" placeholder=\"*Tipo Documento (requerido)\" value=\"\" type=\"text\" name=\"your-documento\" \/><\/span>\n\t\t\t<\/p>\n\t\t<\/div>\n\t<\/div>\n<\/div>\n<div class=\"row\">\n\t<div class=\"col-xs-12 col-sm-12 col-md-6 col-lg-6\">\n\t\t<div class=\"input-filled\">\n\t\t\t<p><span class=\"wpcf7-form-control-wrap\" data-name=\"your-identificacion\"><input size=\"40\" class=\"wpcf7-form-control wpcf7-text wpcf7-validates-as-required\" aria-required=\"true\" aria-invalid=\"false\" placeholder=\"*N\u00famero de identificaci\u00f3n (requerido)\" value=\"\" type=\"text\" name=\"your-identificacion\" \/><\/span>\n\t\t\t<\/p>\n\t\t<\/div>\n\t<\/div>\n\t<div class=\"col-xs-12 col-sm-12 col-md-6 col-lg-6\">\n\t\t<div class=\"input-filled\">\n\t\t\t<p><span class=\"wpcf7-form-control-wrap\" data-name=\"your-email\"><input size=\"40\" class=\"wpcf7-form-control wpcf7-email wpcf7-validates-as-required wpcf7-text wpcf7-validates-as-email\" aria-required=\"true\" aria-invalid=\"false\" placeholder=\"*Email (requerido)\" value=\"\" type=\"email\" name=\"your-email\" \/><\/span>\n\t\t\t<\/p>\n\t\t<\/div>\n\t<\/div>\n<\/div>\n<div class=\"row\">\n\t<div class=\"col-xs-12 col-sm-12 col-md-6 col-lg-6\">\n\t\t<div class=\"input-filled\">\n\t\t\t<p><span class=\"wpcf7-form-control-wrap\" data-name=\"your-phone\"><input size=\"40\" class=\"wpcf7-form-control wpcf7-text wpcf7-validates-as-required\" aria-required=\"true\" aria-invalid=\"false\" placeholder=\"*Tel\u00e9fono Celular (requerido)\" value=\"\" type=\"text\" name=\"your-phone\" \/><\/span>\n\t\t\t<\/p>\n\t\t<\/div>\n\t<\/div>\n\t<div class=\"col-xs-12 col-sm-12 col-md-6 col-lg-6\">\n\t\t<div class=\"input-filled\">\n\t\t\t<p><span class=\"wpcf7-form-control-wrap\" data-name=\"your-solicitud\"><input size=\"40\" class=\"wpcf7-form-control wpcf7-text wpcf7-validates-as-required\" aria-required=\"true\" aria-invalid=\"false\" placeholder=\"*Tipo de Solicitud (requerido)\" value=\"\" type=\"text\" name=\"your-solicitud\" \/><\/span>\n\t\t\t<\/p>\n\t\t<\/div>\n\t<\/div>\n<\/div>\n<div>\n\t<p><span class=\"wpcf7-form-control-wrap\" data-name=\"your-message\"><textarea cols=\"40\" rows=\"10\" class=\"wpcf7-form-control wpcf7-textarea\" aria-invalid=\"false\" placeholder=\"Su mensaje\" name=\"your-message\"><\/textarea><\/span>\n\t<\/p>\n<\/div>\n<div class=\"row\">\n\t<div class=\"col-xs-12 col-sm-12 col-md-6 col-lg-6\">\n\t\t<div class=\"input-filled\">\n\t\t\t<p><span class=\"wpcf7-form-control-wrap\" data-name=\"Adjunto1\"><input size=\"40\" class=\"wpcf7-form-control wpcf7-file bar\" id=\"foo\" accept=\".pdf,.word,.jpg\" aria-invalid=\"false\" type=\"file\" name=\"Adjunto1\" \/><\/span>\n\t\t\t<\/p>\n\t\t<\/div>\n\t<\/div>\n\t<div class=\"col-xs-12 col-sm-12 col-md-6 col-lg-6\">\n\t\t<div class=\"input-filled\">\n\t\t\t<p><span class=\"wpcf7-form-control-wrap\" data-name=\"Adjunto2\"><input size=\"40\" class=\"wpcf7-form-control wpcf7-file bar\" accept=\".pdf,.word,.jpg\" aria-invalid=\"false\" type=\"file\" name=\"Adjunto2\" \/><\/span>\n\t\t\t<\/p>\n\t\t<\/div>\n\t<\/div>\n<\/div>\n<div>\n\t<p><span class=\"wpcf7-form-control-wrap\" data-name=\"checkbox-573\"><span class=\"wpcf7-form-control wpcf7-checkbox wpcf7-validates-as-required\"><span class=\"wpcf7-list-item first last\"><label><input type=\"checkbox\" name=\"checkbox-573[]\" value=\"*Autorizo a la Curadur\u00eda Urbana Segunda de Rionegro a usar mis datos, para el tratamiento de mis datos\" \/><span class=\"wpcf7-list-item-label\">*Autorizo a la Curadur\u00eda Urbana Segunda de Rionegro a usar mis datos, para el tratamiento de mis datos<\/span><\/label><\/span><\/span><\/span>\n\t<\/p>\n<\/div>\n<div class=\"col-12\">\n\t<p><input class=\"wpcf7-form-control wpcf7-submit has-spinner btn\" type=\"submit\" value=\"Enviar\" \/>\n\t<\/p>\n<\/div>\n<div class=\"wpcf7-response-output\" aria-hidden=\"true\"><\/div>\n<\/form>\n<\/div>\n                    <\/div>\r\n                <\/div>\r\n            <\/div>\r\n        <\/div>\r\n    <\/div>\r\n\t\t<\/div>\n\t\t\t\t<\/div>\n\t\t            <\/div>\n        <\/div>\n                            <\/div>\n        <\/section>\n        \t\t\t\t\t<\/div>\n\t\t","protected":false},"excerpt":{"rendered":"<p>Solicitudes de Licencias Urban\u00edsticas y Reconocimientos Para Nosotros es muy importante brindarle una asesor\u00eda previa a la radicaci\u00f3n de su solicitud de manera presencial o por alguno de nuestros canales virtuales. Para radicar una nueva solicitud de licencia, concepto, norma o cualquier servicio de la curadur\u00eda, hemos habilitado el correo electr\u00f3nico atencionusuarios@curaduria2rionegro.com. WhatsApp Servicios FUN [&hellip;]<\/p>\n","protected":false},"author":1,"featured_media":0,"parent":0,"menu_order":0,"comment_status":"closed","ping_status":"closed","template":"","meta":{"footnotes":""},"class_list":["post-4740","page","type-page","status-publish","hentry"],"_links":{"self":[{"href":"https:\/\/curaduria2rionegro.com\/home\/wp-json\/wp\/v2\/pages\/4740","targetHints":{"allow":["GET"]}}],"collection":[{"href":"https:\/\/curaduria2rionegro.com\/home\/wp-json\/wp\/v2\/pages"}],"about":[{"href":"https:\/\/curaduria2rionegro.com\/home\/wp-json\/wp\/v2\/types\/page"}],"author":[{"embeddable":true,"href":"https:\/\/curaduria2rionegro.com\/home\/wp-json\/wp\/v2\/users\/1"}],"replies":[{"embeddable":true,"href":"https:\/\/curaduria2rionegro.com\/home\/wp-json\/wp\/v2\/comments?post=4740"}],"version-history":[{"count":46,"href":"https:\/\/curaduria2rionegro.com\/home\/wp-json\/wp\/v2\/pages\/4740\/revisions"}],"predecessor-version":[{"id":7165,"href":"https:\/\/curaduria2rionegro.com\/home\/wp-json\/wp\/v2\/pages\/4740\/revisions\/7165"}],"wp:attachment":[{"href":"https:\/\/curaduria2rionegro.com\/home\/wp-json\/wp\/v2\/media?parent=4740"}],"curies":[{"name":"wp","href":"https:\/\/api.w.org\/{rel}","templated":true}]}}